{"id":214,"date":"2025-05-12T10:49:41","date_gmt":"2025-05-12T08:49:41","guid":{"rendered":"https:\/\/blackmore-beyond-design.de\/?page_id=214"},"modified":"2025-07-16T19:49:44","modified_gmt":"2025-07-16T17:49:44","slug":"kontakt","status":"publish","type":"page","link":"https:\/\/blackmore-coaching.de\/en\/kontakt\/","title":{"rendered":"Contact"},"content":{"rendered":"<p>[et_pb_section fb_built=&#8220;1&#8243; admin_label=&#8220;Header&#8220; _builder_version=&#8220;4.27.4&#8243; _module_preset=&#8220;default&#8220; background_color=&#8220;#BCC2C6&#8243; background_image=&#8220;https:\/\/blackmore-coaching.de\/wp-content\/uploads\/2025\/05\/BlackmoreCoaching_Kontakt-scaled.jpg&#8220; background_size=&#8220;custom&#8220; background_image_width=&#8220;41%&#8220; background_position=&#8220;top_right&#8220; custom_padding=&#8220;13px||4px|||&#8220; background_last_edited=&#8220;on|tablet&#8220; use_background_color_gradient_tablet=&#8220;off&#8220; background_enable_image_phone=&#8220;off&#8220; background_image_width_tablet=&#8220;37%&#8220; background_image_width_phone=&#8220;80%&#8220; background_position_phone=&#8220;bottom_center&#8220; background_vertical_offset_phone=&#8220;-33%&#8220; locked=&#8220;off&#8220; collapsed=&#8220;on&#8220; global_colors_info=&#8220;{%22gcid-c67e4c14-9f9a-4541-bcfb-a3dbe227e267%22:%91%22background_pattern_color%22%93}&#8220;][et_pb_row column_structure=&#8220;3_5,2_5&#8243; custom_padding_last_edited=&#8220;on|tablet&#8220; _builder_version=&#8220;4.27.4&#8243; _module_preset=&#8220;default&#8220; width_tablet=&#8220;90%&#8220; width_phone=&#8220;90%&#8220; width_last_edited=&#8220;on|tablet&#8220; height_tablet=&#8220;&#8220; height_phone=&#8220;&#8220; height_last_edited=&#8220;on|phone&#8220; custom_margin_tablet=&#8220;0px||0px||false|false&#8220; custom_margin_phone=&#8220;||-37px||false|false&#8220; custom_margin_last_edited=&#8220;on|tablet&#8220; custom_padding_tablet=&#8220;0px||||false|false&#8220; custom_padding_phone=&#8220;||0px||false|false&#8220; global_colors_info=&#8220;{}&#8220; custom_css_main_element_last_edited=&#8220;on|tablet&#8220; custom_css_main_element_tablet=&#8220;display:flex;&#8220; custom_css_main_element_phone=&#8220;display:block;&#8220;][et_pb_column type=&#8220;3_5&#8243; _builder_version=&#8220;4.27.4&#8243; _module_preset=&#8220;default&#8220; global_colors_info=&#8220;{}&#8220;][et_pb_blurb image=&#8220;https:\/\/blackmore-coaching.de\/wp-content\/uploads\/2025\/05\/Pfeil_rot.png&#8220; icon_placement=&#8220;left&#8220; image_icon_width=&#8220;100%&#8220; content_max_width=&#8220;824px&#8220; _builder_version=&#8220;4.27.4&#8243; _module_preset=&#8220;default&#8220; body_text_color=&#8220;#3F5C6E&#8220; body_font_size=&#8220;57px&#8220; body_line_height=&#8220;1em&#8220; custom_margin=&#8220;69px|||-46px||&#8220; custom_margin_tablet=&#8220;|||0px|false|false&#8220; custom_margin_phone=&#8220;69px|||0px|false|false&#8220; custom_margin_last_edited=&#8220;on|phone&#8220; body_font_size_tablet=&#8220;47px&#8220; body_font_size_phone=&#8220;47px&#8220; body_font_size_last_edited=&#8220;on|tablet&#8220; global_colors_info=&#8220;{}&#8220;]<\/p>\n<p>Contact<\/p>\n<p>[\/et_pb_blurb][et_pb_divider color=&#8220;#B74252&#8243; divider_weight=&#8220;2px&#8220; _builder_version=&#8220;4.27.4&#8243; _module_preset=&#8220;default&#8220; custom_margin=&#8220;|-100px|||false|false&#8220; custom_margin_tablet=&#8220;|-159px|||false|false&#8220; custom_margin_phone=&#8220;|0px|||false|false&#8220; custom_margin_last_edited=&#8220;on|phone&#8220; global_colors_info=&#8220;{}&#8220;][\/et_pb_divider][et_pb_text _builder_version=&#8220;4.27.4&#8243; _module_preset=&#8220;default&#8220; text_font=&#8220;MuktaMalar-Light|300|||||||&#8220; text_text_color=&#8220;#3F5C6E&#8220; text_font_size=&#8220;23px&#8220; text_line_height=&#8220;1.3em&#8220; custom_margin=&#8220;-13px|60px|22px|||&#8220; custom_margin_tablet=&#8220;-13px|-50px|0px||false|false&#8220; custom_margin_phone=&#8220;|0px|||false|false&#8220; custom_margin_last_edited=&#8220;on|tablet&#8220; custom_padding=&#8220;||12px||false|false&#8220; custom_padding_tablet=&#8220;|0px|0px||false|false&#8220; custom_padding_phone=&#8220;|0px|0px||false|false&#8220; custom_padding_last_edited=&#8220;on|tablet&#8220; border_color_bottom=&#8220;#3F5C6E&#8220; global_colors_info=&#8220;{}&#8220;]<\/p>\n<p>Would you like to find out more about my coaching services? Do you have a specific request in mind? Do you have any suggestions? Or questions? \u2026<\/p>\n<p>I look forward to hearing from you via email at <br \/><a href=\"mailto:sabine@blackmore-coaching.de\">sabine@blackmore-coaching.de <\/a>or via the contact form.<\/p>\n<p>[\/et_pb_text][et_pb_image src=&#8220;https:\/\/blackmore-coaching.de\/wp-content\/uploads\/2025\/05\/Pfeil_3.png&#8220; title_text=&#8220;Pfeil_3&#8243; align_tablet=&#8220;&#8220; align_phone=&#8220;center&#8220; align_last_edited=&#8220;on|phone&#8220; _builder_version=&#8220;4.27.4&#8243; _module_preset=&#8220;default&#8220; width=&#8220;5%&#8220; width_tablet=&#8220;6%&#8220; width_phone=&#8220;10%&#8220; width_last_edited=&#8220;on|tablet&#8220; custom_margin=&#8220;0px||||false|false&#8220; custom_margin_tablet=&#8220;24px||||false|false&#8220; custom_margin_phone=&#8220;24px||||false|false&#8220; custom_margin_last_edited=&#8220;on|tablet&#8220; custom_padding=&#8220;0px||||false|false&#8220; locked=&#8220;off&#8220; global_colors_info=&#8220;{}&#8220;][\/et_pb_image][et_pb_contact_form captcha=&#8220;off&#8220; email=&#8220;sabine@blackmore-coaching.de&#8220; success_message=&#8220;Danke f\u00fcr Ihre Nachricht. Ich melde mich bei Ihnen.&#8220; _builder_version=&#8220;4.27.4&#8243; _module_preset=&#8220;default&#8220; _unique_id=&#8220;04100296-ebb0-4fb6-bf73-e57d893ed65b&#8220; form_field_background_color=&#8220;#e7f0f3&#8243; form_field_text_color=&#8220;#3F5C6E&#8220; form_field_focus_background_color=&#8220;#FFFFFF&#8220; form_field_focus_text_color=&#8220;#3F5C6E&#8220; form_field_font=&#8220;MuktaMalar-Light||||||||&#8220; form_field_font_size=&#8220;19px&#8220; custom_button=&#8220;on&#8220; button_text_size=&#8220;22px&#8220; button_text_color=&#8220;#3F5C6E&#8220; button_bg_color=&#8220;#FFDE64&#8243; button_border_width=&#8220;0px&#8220; button_border_radius=&#8220;0px&#8220; button_font=&#8220;MuktaMalar-Medium||||||||&#8220; custom_margin=&#8220;|38px|35px|||&#8220; custom_margin_tablet=&#8220;|38px|35px|||&#8220; custom_margin_phone=&#8220;28px|0px|12px||false|false&#8220; custom_margin_last_edited=&#8220;on|phone&#8220; global_colors_info=&#8220;{}&#8220;][et_pb_contact_field field_id=&#8220;Vorname&#8220; field_title=&#8220;Vorname*&#8220; _builder_version=&#8220;4.27.4&#8243; _module_preset=&#8220;default&#8220; global_colors_info=&#8220;{}&#8220;][\/et_pb_contact_field][et_pb_contact_field field_id=&#8220;_Name&#8220; field_title=&#8220;Name*&#8220; _builder_version=&#8220;4.27.4&#8243; global_colors_info=&#8220;{}&#8220; button_text_size__hover_enabled=&#8220;off&#8220; button_one_text_size__hover_enabled=&#8220;off&#8220; button_two_text_size__hover_enabled=&#8220;off&#8220; button_text_color__hover_enabled=&#8220;off&#8220; button_one_text_color__hover_enabled=&#8220;off&#8220; button_two_text_color__hover_enabled=&#8220;off&#8220; button_border_width__hover_enabled=&#8220;off&#8220; button_one_border_width__hover_enabled=&#8220;off&#8220; button_two_border_width__hover_enabled=&#8220;off&#8220; button_border_color__hover_enabled=&#8220;off&#8220; button_one_border_color__hover_enabled=&#8220;off&#8220; button_two_border_color__hover_enabled=&#8220;off&#8220; button_border_radius__hover_enabled=&#8220;off&#8220; button_one_border_radius__hover_enabled=&#8220;off&#8220; button_two_border_radius__hover_enabled=&#8220;off&#8220; button_letter_spacing__hover_enabled=&#8220;off&#8220; button_one_letter_spacing__hover_enabled=&#8220;off&#8220; button_two_letter_spacing__hover_enabled=&#8220;off&#8220; button_bg_color__hover_enabled=&#8220;off&#8220; button_one_bg_color__hover_enabled=&#8220;off&#8220; button_two_bg_color__hover_enabled=&#8220;off&#8220;][\/et_pb_contact_field][et_pb_contact_field field_id=&#8220;_Email&#8220; field_title=&#8220;E-Mail-Adresse*&#8220; field_type=&#8220;email&#8220; _builder_version=&#8220;4.27.4&#8243; global_colors_info=&#8220;{}&#8220; button_text_size__hover_enabled=&#8220;off&#8220; button_one_text_size__hover_enabled=&#8220;off&#8220; button_two_text_size__hover_enabled=&#8220;off&#8220; button_text_color__hover_enabled=&#8220;off&#8220; button_one_text_color__hover_enabled=&#8220;off&#8220; button_two_text_color__hover_enabled=&#8220;off&#8220; button_border_width__hover_enabled=&#8220;off&#8220; button_one_border_width__hover_enabled=&#8220;off&#8220; button_two_border_width__hover_enabled=&#8220;off&#8220; button_border_color__hover_enabled=&#8220;off&#8220; button_one_border_color__hover_enabled=&#8220;off&#8220; button_two_border_color__hover_enabled=&#8220;off&#8220; button_border_radius__hover_enabled=&#8220;off&#8220; button_one_border_radius__hover_enabled=&#8220;off&#8220; button_two_border_radius__hover_enabled=&#8220;off&#8220; button_letter_spacing__hover_enabled=&#8220;off&#8220; button_one_letter_spacing__hover_enabled=&#8220;off&#8220; button_two_letter_spacing__hover_enabled=&#8220;off&#8220; button_bg_color__hover_enabled=&#8220;off&#8220; button_one_bg_color__hover_enabled=&#8220;off&#8220; button_two_bg_color__hover_enabled=&#8220;off&#8220;][\/et_pb_contact_field][et_pb_contact_field field_id=&#8220;Telefon&#8220; field_title=&#8220;Telefon&#8220; required_mark=&#8220;off&#8220; _builder_version=&#8220;4.27.4&#8243; _module_preset=&#8220;default&#8220; width=&#8220;50%&#8220; global_colors_info=&#8220;{}&#8220;][\/et_pb_contact_field][et_pb_contact_field field_id=&#8220;Ich_interessiere_mich_f\u00fcr&#8220; field_title=&#8220;Ich interessiere mich f\u00fcr&#8220; fullwidth_field=&#8220;on&#8220; _builder_version=&#8220;4.27.4&#8243; _module_preset=&#8220;default&#8220; global_colors_info=&#8220;{}&#8220;][\/et_pb_contact_field][et_pb_contact_field field_id=&#8220;Message&#8220; field_title=&#8220;Nachricht&#8220; field_type=&#8220;text&#8220; fullwidth_field=&#8220;on&#8220; _builder_version=&#8220;4.16&#8243; global_colors_info=&#8220;{}&#8220; button_text_size__hover_enabled=&#8220;off&#8220; button_one_text_size__hover_enabled=&#8220;off&#8220; button_two_text_size__hover_enabled=&#8220;off&#8220; button_text_color__hover_enabled=&#8220;off&#8220; button_one_text_color__hover_enabled=&#8220;off&#8220; button_two_text_color__hover_enabled=&#8220;off&#8220; button_border_width__hover_enabled=&#8220;off&#8220; button_one_border_width__hover_enabled=&#8220;off&#8220; button_two_border_width__hover_enabled=&#8220;off&#8220; button_border_color__hover_enabled=&#8220;off&#8220; button_one_border_color__hover_enabled=&#8220;off&#8220; button_two_border_color__hover_enabled=&#8220;off&#8220; button_border_radius__hover_enabled=&#8220;off&#8220; button_one_border_radius__hover_enabled=&#8220;off&#8220; button_two_border_radius__hover_enabled=&#8220;off&#8220; button_letter_spacing__hover_enabled=&#8220;off&#8220; button_one_letter_spacing__hover_enabled=&#8220;off&#8220; button_two_letter_spacing__hover_enabled=&#8220;off&#8220; button_bg_color__hover_enabled=&#8220;off&#8220; button_one_bg_color__hover_enabled=&#8220;off&#8220; button_two_bg_color__hover_enabled=&#8220;off&#8220;][\/et_pb_contact_field][et_pb_contact_field field_id=&#8220;Datenschutz&#8220; field_title=&#8220;Datenschutz&#8220; field_type=&#8220;checkbox&#8220; checkbox_options=&#8220;%91{%22value%22:%22Hiermit erkl\u00e4re ich mich einverstanden, dass mit dem Absenden des Kontaktformulars meine Daten zur Bearbeitung meines Anliegens verarbeitet werden d\u00fcrfen. Detaillierte Informationen und Widerrufshinweise finden Sie in der Datenschutzerkl\u00e4rung. %22,%22checked%22:0,%22dragID%22:-1,%22link_url%22:%22https:\/\/blackmore-coaching.de\/datenschutzerklaerung%22}%93&#8243; fullwidth_field=&#8220;on&#8220; _builder_version=&#8220;4.27.4&#8243; _module_preset=&#8220;default&#8220; global_colors_info=&#8220;{}&#8220;][\/et_pb_contact_field][\/et_pb_contact_form][et_pb_image src=&#8220;https:\/\/blackmore-coaching.de\/wp-content\/uploads\/2025\/05\/BlackmoreCoaching_Kontakt-scaled.jpg&#8220; title_text=&#8220;BlackmoreCoaching_Kontakt&#8220; disabled_on=&#8220;off|on|on&#8220; _builder_version=&#8220;4.27.4&#8243; _module_preset=&#8220;default&#8220; custom_margin_tablet=&#8220;&#8220; custom_margin_phone=&#8220;24px||30px||false|false&#8220; custom_margin_last_edited=&#8220;on|phone&#8220; global_colors_info=&#8220;{}&#8220;][\/et_pb_image][\/et_pb_column][et_pb_column type=&#8220;2_5&#8243; _builder_version=&#8220;4.27.4&#8243; _module_preset=&#8220;default&#8220; background_enable_color=&#8220;off&#8220; custom_padding=&#8220;40px|0px|40px|0px|true|true&#8220; custom_padding_tablet=&#8220;30px|30px|30px|30px|true|true&#8220; custom_padding_phone=&#8220;20px|20px|20px|20px|true|true&#8220; custom_padding_last_edited=&#8220;on|desktop&#8220; global_colors_info=&#8220;{}&#8220;][\/et_pb_column][\/et_pb_row][\/et_pb_section]<\/p>","protected":false},"excerpt":{"rendered":"<p>KontaktSie m\u00f6chten sich weitere Informationen zu meinen Coachingangeboten einholen? Oder Sie haben schon eine konkrete Anfrage im Kopf? Sie haben Anregungen f\u00fcr mich? Oder Fragen? Oder, oder, oder&#8230; Ich freue mich \u00fcber Ihre Nachricht an sabine@blackmore-coaching.de oder \u00fcber das Kontaktformular<\/p>","protected":false},"author":1,"featured_media":590,"parent":0,"menu_order":0,"comment_status":"closed","ping_status":"closed","template":"","meta":{"_et_pb_use_builder":"on","_et_pb_old_content":"<!-- wp:divi\/placeholder \/-->","_et_gb_content_width":"","footnotes":""},"class_list":["post-214","page","type-page","status-publish","has-post-thumbnail","hentry"],"_links":{"self":[{"href":"https:\/\/blackmore-coaching.de\/en\/wp-json\/wp\/v2\/pages\/214","targetHints":{"allow":["GET"]}}],"collection":[{"href":"https:\/\/blackmore-coaching.de\/en\/wp-json\/wp\/v2\/pages"}],"about":[{"href":"https:\/\/blackmore-coaching.de\/en\/wp-json\/wp\/v2\/types\/page"}],"author":[{"embeddable":true,"href":"https:\/\/blackmore-coaching.de\/en\/wp-json\/wp\/v2\/users\/1"}],"replies":[{"embeddable":true,"href":"https:\/\/blackmore-coaching.de\/en\/wp-json\/wp\/v2\/comments?post=214"}],"version-history":[{"count":10,"href":"https:\/\/blackmore-coaching.de\/en\/wp-json\/wp\/v2\/pages\/214\/revisions"}],"predecessor-version":[{"id":1444,"href":"https:\/\/blackmore-coaching.de\/en\/wp-json\/wp\/v2\/pages\/214\/revisions\/1444"}],"wp:featuredmedia":[{"embeddable":true,"href":"https:\/\/blackmore-coaching.de\/en\/wp-json\/wp\/v2\/media\/590"}],"wp:attachment":[{"href":"https:\/\/blackmore-coaching.de\/en\/wp-json\/wp\/v2\/media?parent=214"}],"curies":[{"name":"wp","href":"https:\/\/api.w.org\/{rel}","templated":true}]}}