{"id":924,"date":"2025-06-03T11:05:05","date_gmt":"2025-06-03T09:05:05","guid":{"rendered":"https:\/\/blackmore-beyond-design.de\/?page_id=924"},"modified":"2025-06-03T11:07:14","modified_gmt":"2025-06-03T09:07:14","slug":"impressum","status":"publish","type":"page","link":"https:\/\/blackmore-coaching.de\/en\/impressum\/","title":{"rendered":"Impressum"},"content":{"rendered":"<p>[et_pb_section fb_built=&#8220;1&#8243; theme_builder_area=&#8220;post_content&#8220; _builder_version=&#8220;4.27.4&#8243; _module_preset=&#8220;default&#8220; background_color=&#8220;#e7f0f3&#8243; hover_enabled=&#8220;0&#8243; sticky_enabled=&#8220;0&#8243; custom_padding_last_edited=&#8220;on|phone&#8220; custom_padding_phone=&#8220;0px||||false|false&#8220;][et_pb_row _builder_version=&#8220;4.27.4&#8243; _module_preset=&#8220;default&#8220; theme_builder_area=&#8220;post_content&#8220; width_last_edited=&#8220;on|phone&#8220; width_phone=&#8220;90%&#8220; hover_enabled=&#8220;0&#8243; sticky_enabled=&#8220;0&#8243;][et_pb_column _builder_version=&#8220;4.27.4&#8243; _module_preset=&#8220;default&#8220; type=&#8220;4_4&#8243; theme_builder_area=&#8220;post_content&#8220;][et_pb_text _builder_version=&#8220;4.27.4&#8243; _module_preset=&#8220;067383dc-28c7-4736-b680-bce049c21fde&#8220; theme_builder_area=&#8220;post_content&#8220; hover_enabled=&#8220;0&#8243; sticky_enabled=&#8220;0&#8243; header_font_size=&#8220;41px&#8220; header_text_color=&#8220;#B74252&#8243;]<\/p>\n<h1>Impressum<\/h1>\n<h2><\/h2>\n<h2 id=\"m46\">Diensteanbieter<\/h2>\n<p>Dr. Sabine Blackmore, Blackmore Coaching<br \/>Mehringdamm 43<br \/>10961 Berlin<br \/>Deutschland<\/p>\n<h2 id=\"m56\">Kontaktm\u00f6glichkeiten<\/h2>\n<p>E-Mail-Adresse: sabine@blackmore-coaching.de<\/p>\n<h2 id=\"m58\">Angaben zum Unternehmen<\/h2>\n<p>Umsatzsteuer Identifikationsnummer (USt-ID): DE310798529<\/p>\n<h2 id=\"m72\">Berufshaftpflichtversicherung<\/h2>\n<p>Zurich Insurance plc<br \/>NfD<br \/>53287 Bonn<\/p>\n<h2 id=\"m172\">Social Media und andere Onlinepr\u00e4senzen<\/h2>\n<p>Dieses Impressum gilt auch f\u00fcr die folgenden Social-Media-Pr\u00e4senzen und Onlineprofile:<\/p>\n<p><a href=\"https:\/\/www.linkedin.com\/in\/dr-sabine-blackmore-3938b320b\/\" target=\"_blank\" rel=\"noopener\">https:\/\/www.linkedin.com\/in\/dr-sabine-blackmore-3938b320b\/<\/a><\/p>\n<h2 id=\"m169\">Bildnachweise<\/h2>\n<p>Bildquellen und Urheberrechtshinweise:<br \/>Logos: Anika Kr\u00fcger, <a href=\"http:\/\/www.schriftundgrafik.com\">www.schriftundgrafik.com<\/a><br \/>Fotos: Wenke Seemann, <a href=\"https:\/\/seemannsbilder.de\" target=\"_blank\" rel=\"noopener\">seemannsbilder.de<\/a><br \/>Webdesign: Caroline Putzbach, <a href=\"https:\/\/carolineputzbach.de\">www.carolineputzbach.de<\/a><\/p>\n<p class=\"seal\"><a href=\"https:\/\/datenschutz-generator.de\/\" title=\"Rechtstext von Dr. Schwenke - f\u00fcr weitere Informationen bitte anklicken.\" target=\"_blank\" rel=\"noopener noreferrer nofollow\"><img loading=\"lazy\" decoding=\"async\" src=\"https:\/\/datenschutz-generator.de\/wp-content\/plugins\/ts-dsg\/images\/dsg-seal\/dsg-seal-doc-de.png\" alt=\"Rechtstext von Dr. Schwenke - f\u00fcr weitere Informationen bitte anklicken.\" width=\"250\" height=\"250\" \/><\/a><\/p>\n<p>[\/et_pb_text][\/et_pb_column][\/et_pb_row][\/et_pb_section]<\/p>","protected":false},"excerpt":{"rendered":"<p>Impressum Diensteanbieter Dr. Sabine Blackmore, Blackmore CoachingMehringdamm 4310961 BerlinDeutschland Kontaktm\u00f6glichkeiten E-Mail-Adresse: sabine@blackmore-coaching.de Angaben zum Unternehmen Umsatzsteuer Identifikationsnummer (USt-ID): DE310798529 Berufshaftpflichtversicherung Zurich Insurance plcNfD53287 Bonn Social Media und andere Onlinepr\u00e4senzen Dieses Impressum gilt auch f\u00fcr die folgenden Social-Media-Pr\u00e4senzen und Onlineprofile: https:\/\/www.linkedin.com\/in\/dr-sabine-blackmore-3938b320b\/ Bildnachweise Bildquellen und Urheberrechtshinweise:Logos: Anika Kr\u00fcger, www.schriftundgrafik.comFotos: Wenke Seemann, seemannsbilder.deWebdesign: Caroline Putzbach, www.carolineputzbach.de<\/p>","protected":false},"author":1,"featured_media":0,"parent":0,"menu_order":0,"comment_status":"closed","ping_status":"closed","template":"","meta":{"_et_pb_use_builder":"on","_et_pb_old_content":"","_et_gb_content_width":"","footnotes":""},"class_list":["post-924","page","type-page","status-publish","hentry"],"_links":{"self":[{"href":"https:\/\/blackmore-coaching.de\/en\/wp-json\/wp\/v2\/pages\/924","targetHints":{"allow":["GET"]}}],"collection":[{"href":"https:\/\/blackmore-coaching.de\/en\/wp-json\/wp\/v2\/pages"}],"about":[{"href":"https:\/\/blackmore-coaching.de\/en\/wp-json\/wp\/v2\/types\/page"}],"author":[{"embeddable":true,"href":"https:\/\/blackmore-coaching.de\/en\/wp-json\/wp\/v2\/users\/1"}],"replies":[{"embeddable":true,"href":"https:\/\/blackmore-coaching.de\/en\/wp-json\/wp\/v2\/comments?post=924"}],"version-history":[{"count":4,"href":"https:\/\/blackmore-coaching.de\/en\/wp-json\/wp\/v2\/pages\/924\/revisions"}],"predecessor-version":[{"id":929,"href":"https:\/\/blackmore-coaching.de\/en\/wp-json\/wp\/v2\/pages\/924\/revisions\/929"}],"wp:attachment":[{"href":"https:\/\/blackmore-coaching.de\/en\/wp-json\/wp\/v2\/media?parent=924"}],"curies":[{"name":"wp","href":"https:\/\/api.w.org\/{rel}","templated":true}]}}